{"id":486,"date":"2024-06-27T11:34:18","date_gmt":"2024-06-27T11:34:18","guid":{"rendered":"https:\/\/eureka.ib-caddy.com\/?page_id=486"},"modified":"2024-06-27T11:47:57","modified_gmt":"2024-06-27T11:47:57","slug":"eureka-nc-coder","status":"publish","type":"page","link":"https:\/\/eureka.ib-caddy.com\/hr\/eureka-nc-coder\/","title":{"rendered":"Eureka NC Coder"},"content":{"rendered":"<div data-elementor-type=\"wp-page\" data-elementor-id=\"486\" class=\"elementor elementor-486\" data-elementor-settings=\"{&quot;ha_cmc_init_switcher&quot;:&quot;no&quot;}\" data-elementor-post-type=\"page\">\n\t\t\t\t\t\t<section class=\"elementor-section elementor-top-section elementor-element elementor-element-b41074e elementor-section-boxed elementor-section-height-default elementor-section-height-default\" data-id=\"b41074e\" data-element_type=\"section\" data-e-type=\"section\" data-settings=\"{&quot;background_background&quot;:&quot;classic&quot;,&quot;_ha_eqh_enable&quot;:false}\">\n\t\t\t\t\t\t\t<div class=\"elementor-background-overlay\"><\/div>\n\t\t\t\t\t\t\t<div class=\"elementor-container elementor-column-gap-wider\">\n\t\t\t\t\t<div class=\"elementor-column elementor-col-50 elementor-top-column elementor-element elementor-element-d6487fc\" data-id=\"d6487fc\" data-element_type=\"column\" data-e-type=\"column\">\n\t\t\t<div class=\"elementor-widget-wrap elementor-element-populated\">\n\t\t\t\t\t\t<div class=\"elementor-element elementor-element-2125f016 elementor-widget elementor-widget-spacer\" data-id=\"2125f016\" data-element_type=\"widget\" data-e-type=\"widget\" data-widget_type=\"spacer.default\">\n\t\t\t\t<div class=\"elementor-widget-container\">\n\t\t\t\t\t\t\t<div class=\"elementor-spacer\">\n\t\t\t<div class=\"elementor-spacer-inner\"><\/div>\n\t\t<\/div>\n\t\t\t\t\t\t<\/div>\n\t\t\t\t<\/div>\n\t\t\t\t<div class=\"elementor-element elementor-element-4ba26f75 elementor-widget elementor-widget-heading\" data-id=\"4ba26f75\" data-element_type=\"widget\" data-e-type=\"widget\" data-widget_type=\"heading.default\">\n\t\t\t\t<div class=\"elementor-widget-container\">\n\t\t\t\t\t<h1 class=\"elementor-heading-title elementor-size-default\">Eureka NC Coder\n<\/h1>\t\t\t\t<\/div>\n\t\t\t\t<\/div>\n\t\t\t\t<div class=\"elementor-element elementor-element-13fdfe8c elementor-widget elementor-widget-text-editor\" data-id=\"13fdfe8c\" data-element_type=\"widget\" data-e-type=\"widget\" data-widget_type=\"text-editor.default\">\n\t\t\t\t<div class=\"elementor-widget-container\">\n\t\t\t\t\t\t\t\t\t<p>REVOLUCIONARNO SVE-U-JEDNOM RJE\u0160ENJE<\/p>\t\t\t\t\t\t\t\t<\/div>\n\t\t\t\t<\/div>\n\t\t\t\t<div class=\"elementor-element elementor-element-526043d2 elementor-widget elementor-widget-spacer\" data-id=\"526043d2\" data-element_type=\"widget\" data-e-type=\"widget\" data-widget_type=\"spacer.default\">\n\t\t\t\t<div class=\"elementor-widget-container\">\n\t\t\t\t\t\t\t<div class=\"elementor-spacer\">\n\t\t\t<div class=\"elementor-spacer-inner\"><\/div>\n\t\t<\/div>\n\t\t\t\t\t\t<\/div>\n\t\t\t\t<\/div>\n\t\t\t\t\t<\/div>\n\t\t<\/div>\n\t\t\t\t<div class=\"elementor-column elementor-col-50 elementor-top-column elementor-element elementor-element-1b2f6de8\" data-id=\"1b2f6de8\" data-element_type=\"column\" data-e-type=\"column\">\n\t\t\t<div class=\"elementor-widget-wrap elementor-element-populated\">\n\t\t\t\t\t\t<div class=\"elementor-element elementor-element-7d2ebf89 elementor-widget elementor-widget-video\" data-id=\"7d2ebf89\" data-element_type=\"widget\" data-e-type=\"widget\" data-settings=\"{&quot;youtube_url&quot;:&quot;https:\\\/\\\/youtu.be\\\/2WX8KRlTB28&quot;,&quot;video_type&quot;:&quot;youtube&quot;}\" data-widget_type=\"video.default\">\n\t\t\t\t<div class=\"elementor-widget-container\">\n\t\t\t\t\t\t\t<div class=\"elementor-wrapper elementor-open-inline\">\n\t\t\t<div class=\"elementor-video\"><\/div>\t\t<\/div>\n\t\t\t\t\t\t<\/div>\n\t\t\t\t<\/div>\n\t\t\t\t\t<\/div>\n\t\t<\/div>\n\t\t\t\t\t<\/div>\n\t\t<\/section>\n\t\t\t\t<section class=\"elementor-section elementor-top-section elementor-element elementor-element-7fbc2f90 elementor-section-boxed elementor-section-height-default elementor-section-height-default\" data-id=\"7fbc2f90\" data-element_type=\"section\" data-e-type=\"section\" data-settings=\"{&quot;_ha_eqh_enable&quot;:false}\">\n\t\t\t\t\t\t<div class=\"elementor-container elementor-column-gap-wide\">\n\t\t\t\t\t<div class=\"elementor-column elementor-col-100 elementor-top-column elementor-element elementor-element-2baa91a0\" data-id=\"2baa91a0\" data-element_type=\"column\" data-e-type=\"column\" data-settings=\"{&quot;background_background&quot;:&quot;classic&quot;}\">\n\t\t\t<div class=\"elementor-widget-wrap elementor-element-populated\">\n\t\t\t\t\t\t<div class=\"elementor-element elementor-element-36405b34 elementor-widget elementor-widget-spacer\" data-id=\"36405b34\" data-element_type=\"widget\" data-e-type=\"widget\" data-widget_type=\"spacer.default\">\n\t\t\t\t<div class=\"elementor-widget-container\">\n\t\t\t\t\t\t\t<div class=\"elementor-spacer\">\n\t\t\t<div class=\"elementor-spacer-inner\"><\/div>\n\t\t<\/div>\n\t\t\t\t\t\t<\/div>\n\t\t\t\t<\/div>\n\t\t\t\t<div class=\"elementor-element elementor-element-61955ab0 elementor-widget elementor-widget-text-editor\" data-id=\"61955ab0\" data-element_type=\"widget\" data-e-type=\"widget\" data-widget_type=\"text-editor.default\">\n\t\t\t\t<div class=\"elementor-widget-container\">\n\t\t\t\t\t\t\t\t\t<h2>Koristite svoj jednokanalni CAM za programiranje i simulaciju<\/h2>\t\t\t\t\t\t\t\t<\/div>\n\t\t\t\t<\/div>\n\t\t\t\t<div class=\"elementor-element elementor-element-bb8fcb8 elementor-widget elementor-widget-image\" data-id=\"bb8fcb8\" data-element_type=\"widget\" data-e-type=\"widget\" data-widget_type=\"image.default\">\n\t\t\t\t<div class=\"elementor-widget-container\">\n\t\t\t\t\t\t\t\t\t\t\t\t\t\t\t<img fetchpriority=\"high\" decoding=\"async\" width=\"800\" height=\"533\" src=\"https:\/\/eureka.ib-caddy.com\/\/wp-content\/uploads\/eureka\/\/2024\/06\/nc-coder-cam-system-eng.webp\" class=\"attachment-large size-large wp-image-488\" alt=\"\" srcset=\"https:\/\/eureka.ib-caddy.com\/\/wp-content\/uploads\/eureka\/2024\/06\/nc-coder-cam-system-eng.webp 960w, https:\/\/eureka.ib-caddy.com\/\/wp-content\/uploads\/eureka\/2024\/06\/nc-coder-cam-system-eng-300x200.webp 300w, https:\/\/eureka.ib-caddy.com\/\/wp-content\/uploads\/eureka\/2024\/06\/nc-coder-cam-system-eng-768x512.webp 768w, https:\/\/eureka.ib-caddy.com\/\/wp-content\/uploads\/eureka\/2024\/06\/nc-coder-cam-system-eng-18x12.webp 18w\" sizes=\"(max-width: 800px) 100vw, 800px\" \/>\t\t\t\t\t\t\t\t\t\t\t\t\t\t\t<\/div>\n\t\t\t\t<\/div>\n\t\t\t\t\t<\/div>\n\t\t<\/div>\n\t\t\t\t\t<\/div>\n\t\t<\/section>\n\t\t\t\t<section class=\"elementor-section elementor-top-section elementor-element elementor-element-8f0940d elementor-section-boxed elementor-section-height-default elementor-section-height-default\" data-id=\"8f0940d\" data-element_type=\"section\" data-e-type=\"section\" data-settings=\"{&quot;_ha_eqh_enable&quot;:false}\">\n\t\t\t\t\t\t<div class=\"elementor-container elementor-column-gap-wide\">\n\t\t\t\t\t<div class=\"elementor-column elementor-col-100 elementor-top-column elementor-element elementor-element-e602f74\" data-id=\"e602f74\" data-element_type=\"column\" data-e-type=\"column\">\n\t\t\t<div class=\"elementor-widget-wrap elementor-element-populated\">\n\t\t\t\t\t\t<div class=\"elementor-element elementor-element-ae51d9f elementor-widget elementor-widget-spacer\" data-id=\"ae51d9f\" data-element_type=\"widget\" data-e-type=\"widget\" data-widget_type=\"spacer.default\">\n\t\t\t\t<div class=\"elementor-widget-container\">\n\t\t\t\t\t\t\t<div class=\"elementor-spacer\">\n\t\t\t<div class=\"elementor-spacer-inner\"><\/div>\n\t\t<\/div>\n\t\t\t\t\t\t<\/div>\n\t\t\t\t<\/div>\n\t\t\t\t<div class=\"elementor-element elementor-element-f4b57d7 elementor-widget elementor-widget-text-editor\" data-id=\"f4b57d7\" data-element_type=\"widget\" data-e-type=\"widget\" data-widget_type=\"text-editor.default\">\n\t\t\t\t<div class=\"elementor-widget-container\">\n\t\t\t\t\t\t\t\t\t<h2>Vi\u0161ekanalni tokarski i Swiss CNC stroj<\/h2>\t\t\t\t\t\t\t\t<\/div>\n\t\t\t\t<\/div>\n\t\t\t\t<div class=\"elementor-element elementor-element-d04c231 elementor-widget elementor-widget-text-editor\" data-id=\"d04c231\" data-element_type=\"widget\" data-e-type=\"widget\" data-widget_type=\"text-editor.default\">\n\t\t\t\t<div class=\"elementor-widget-container\">\n\t\t\t\t\t\t\t\t\t<p class=\"translation-block\"><strong>Eureka NC Coder<\/strong> je revolucionarno, <strong>sve-u-jednom rje\u0161enje<\/strong> za programiranje i simulaciju <strong> Swiss Type strojeva i vi\u0161ekanalnih tokarskih strojeva za glodanje i tokarenje<\/strong> kori\u0161tenjem svih popularnih CAM sustava na tr\u017ei\u0161tu.<\/p><p class=\"translation-block\">Sam CAM stvara putanju alata za svaku operaciju obrade, <strong>a Eureka NC Coder omogu\u0107it \u0107e dodjeljivanje operacija<\/strong> odgovaraju\u0107im kanalima, <strong>dodavanje naredbi za sinkronizaciju<\/strong>, <strong>dodavanje blokova G-koda<\/strong> za prijenos dijelova ili druge specifi\u010dne zadatke, generiranje G-koda kori\u0161tenjem <strong>ugra\u0111enog postprocesora<\/strong> i, kona\u010dno, <strong>provjeru programa G-koda u pouzdanoj digitalnoj replici CNC stroja<\/strong>.<\/p>\t\t\t\t\t\t\t\t<\/div>\n\t\t\t\t<\/div>\n\t\t\t\t<div class=\"elementor-element elementor-element-d9b8355 elementor-widget elementor-widget-image\" data-id=\"d9b8355\" data-element_type=\"widget\" data-e-type=\"widget\" data-widget_type=\"image.default\">\n\t\t\t\t<div class=\"elementor-widget-container\">\n\t\t\t\t\t\t\t\t\t\t\t\t\t\t\t<img decoding=\"async\" width=\"800\" height=\"266\" src=\"https:\/\/eureka.ib-caddy.com\/\/wp-content\/uploads\/eureka\/\/2024\/06\/nc-coder-process-blu-1024x341.png\" class=\"attachment-large size-large wp-image-489\" alt=\"\" srcset=\"https:\/\/eureka.ib-caddy.com\/\/wp-content\/uploads\/eureka\/2024\/06\/nc-coder-process-blu-1024x341.png 1024w, https:\/\/eureka.ib-caddy.com\/\/wp-content\/uploads\/eureka\/2024\/06\/nc-coder-process-blu-300x100.png 300w, https:\/\/eureka.ib-caddy.com\/\/wp-content\/uploads\/eureka\/2024\/06\/nc-coder-process-blu-768x256.png 768w, https:\/\/eureka.ib-caddy.com\/\/wp-content\/uploads\/eureka\/2024\/06\/nc-coder-process-blu-18x6.png 18w, https:\/\/eureka.ib-caddy.com\/\/wp-content\/uploads\/eureka\/2024\/06\/nc-coder-process-blu.png 1500w\" sizes=\"(max-width: 800px) 100vw, 800px\" \/>\t\t\t\t\t\t\t\t\t\t\t\t\t\t\t<\/div>\n\t\t\t\t<\/div>\n\t\t\t\t<div class=\"elementor-element elementor-element-0f951c5 elementor-widget elementor-widget-spacer\" data-id=\"0f951c5\" data-element_type=\"widget\" data-e-type=\"widget\" data-widget_type=\"spacer.default\">\n\t\t\t\t<div class=\"elementor-widget-container\">\n\t\t\t\t\t\t\t<div class=\"elementor-spacer\">\n\t\t\t<div class=\"elementor-spacer-inner\"><\/div>\n\t\t<\/div>\n\t\t\t\t\t\t<\/div>\n\t\t\t\t<\/div>\n\t\t\t\t\t<\/div>\n\t\t<\/div>\n\t\t\t\t\t<\/div>\n\t\t<\/section>\n\t\t\t\t<section class=\"elementor-section elementor-top-section elementor-element elementor-element-d240221 elementor-section-boxed elementor-section-height-default elementor-section-height-default\" data-id=\"d240221\" data-element_type=\"section\" data-e-type=\"section\" data-settings=\"{&quot;_ha_eqh_enable&quot;:false}\">\n\t\t\t\t\t\t<div class=\"elementor-container elementor-column-gap-wide\">\n\t\t\t\t\t<div class=\"elementor-column elementor-col-100 elementor-top-column elementor-element elementor-element-3727070\" data-id=\"3727070\" data-element_type=\"column\" data-e-type=\"column\" data-settings=\"{&quot;background_background&quot;:&quot;classic&quot;}\">\n\t\t\t<div class=\"elementor-widget-wrap elementor-element-populated\">\n\t\t\t\t\t\t<div class=\"elementor-element elementor-element-367b19a elementor-widget elementor-widget-spacer\" data-id=\"367b19a\" data-element_type=\"widget\" data-e-type=\"widget\" data-widget_type=\"spacer.default\">\n\t\t\t\t<div class=\"elementor-widget-container\">\n\t\t\t\t\t\t\t<div class=\"elementor-spacer\">\n\t\t\t<div class=\"elementor-spacer-inner\"><\/div>\n\t\t<\/div>\n\t\t\t\t\t\t<\/div>\n\t\t\t\t<\/div>\n\t\t\t\t<div class=\"elementor-element elementor-element-525ac0a elementor-widget elementor-widget-text-editor\" data-id=\"525ac0a\" data-element_type=\"widget\" data-e-type=\"widget\" data-widget_type=\"text-editor.default\">\n\t\t\t\t<div class=\"elementor-widget-container\">\n\t\t\t\t\t\t\t\t\t<h2>Zajam\u010deni postprocesori i simulacija G-koda<\/h2><h3>- Prednosti -<\/h3>\t\t\t\t\t\t\t\t<\/div>\n\t\t\t\t<\/div>\n\t\t\t\t\t<\/div>\n\t\t<\/div>\n\t\t\t\t\t<\/div>\n\t\t<\/section>\n\t\t\t\t<section class=\"elementor-section elementor-top-section elementor-element elementor-element-f08f66f elementor-section-boxed elementor-section-height-default elementor-section-height-default\" data-id=\"f08f66f\" data-element_type=\"section\" data-e-type=\"section\" data-settings=\"{&quot;background_background&quot;:&quot;classic&quot;,&quot;_ha_eqh_enable&quot;:&quot;yes&quot;,&quot;_ha_eqh_widget&quot;:[&quot;image&quot;],&quot;_ha_eqh_to&quot;:&quot;widget&quot;,&quot;_ha_eqh_disable_on_tablet&quot;:&quot;no&quot;,&quot;_ha_eqh_disable_on_mobile&quot;:&quot;yes&quot;}\">\n\t\t\t\t\t\t<div class=\"elementor-container elementor-column-gap-wide\">\n\t\t\t\t\t<div class=\"elementor-column elementor-col-50 elementor-top-column elementor-element elementor-element-1f41f56\" data-id=\"1f41f56\" data-element_type=\"column\" data-e-type=\"column\" data-settings=\"{&quot;background_background&quot;:&quot;classic&quot;}\">\n\t\t\t<div class=\"elementor-widget-wrap elementor-element-populated\">\n\t\t\t\t\t\t<div class=\"elementor-element elementor-element-f00e9ec elementor-widget elementor-widget-text-editor\" data-id=\"f00e9ec\" data-element_type=\"widget\" data-e-type=\"widget\" data-widget_type=\"text-editor.default\">\n\t\t\t\t<div class=\"elementor-widget-container\">\n\t\t\t\t\t\t\t\t\t<div class=\"content-title\"><strong>Upravljanje sinkronizacijom kanala<\/strong><\/div>\t\t\t\t\t\t\t\t<\/div>\n\t\t\t\t<\/div>\n\t\t\t\t<div class=\"elementor-element elementor-element-ae33218 elementor-widget elementor-widget-image\" data-id=\"ae33218\" data-element_type=\"widget\" data-e-type=\"widget\" data-widget_type=\"image.default\">\n\t\t\t\t<div class=\"elementor-widget-container\">\n\t\t\t\t\t\t\t\t\t\t\t\t\t\t\t<img decoding=\"async\" width=\"800\" height=\"486\" src=\"https:\/\/eureka.ib-caddy.com\/\/wp-content\/uploads\/eureka\/\/2024\/06\/Channel-synchronization-management.jpg\" class=\"attachment-large size-large wp-image-490\" alt=\"\" srcset=\"https:\/\/eureka.ib-caddy.com\/\/wp-content\/uploads\/eureka\/2024\/06\/Channel-synchronization-management.jpg 900w, https:\/\/eureka.ib-caddy.com\/\/wp-content\/uploads\/eureka\/2024\/06\/Channel-synchronization-management-300x182.jpg 300w, https:\/\/eureka.ib-caddy.com\/\/wp-content\/uploads\/eureka\/2024\/06\/Channel-synchronization-management-768x467.jpg 768w, https:\/\/eureka.ib-caddy.com\/\/wp-content\/uploads\/eureka\/2024\/06\/Channel-synchronization-management-18x12.jpg 18w\" sizes=\"(max-width: 800px) 100vw, 800px\" \/>\t\t\t\t\t\t\t\t\t\t\t\t\t\t\t<\/div>\n\t\t\t\t<\/div>\n\t\t\t\t<div class=\"elementor-element elementor-element-9fe8eae elementor-widget elementor-widget-spacer\" data-id=\"9fe8eae\" data-element_type=\"widget\" data-e-type=\"widget\" data-widget_type=\"spacer.default\">\n\t\t\t\t<div class=\"elementor-widget-container\">\n\t\t\t\t\t\t\t<div class=\"elementor-spacer\">\n\t\t\t<div class=\"elementor-spacer-inner\"><\/div>\n\t\t<\/div>\n\t\t\t\t\t\t<\/div>\n\t\t\t\t<\/div>\n\t\t\t\t<div class=\"elementor-element elementor-element-9948c6f elementor-widget elementor-widget-text-editor\" data-id=\"9948c6f\" data-element_type=\"widget\" data-e-type=\"widget\" data-widget_type=\"text-editor.default\">\n\t\t\t\t<div class=\"elementor-widget-container\">\n\t\t\t\t\t\t\t\t\t<p>Brzo i jednostavno dodijelite operacije kanalima i dodajte naredbe za sinkronizaciju<\/p>\t\t\t\t\t\t\t\t<\/div>\n\t\t\t\t<\/div>\n\t\t\t\t\t<\/div>\n\t\t<\/div>\n\t\t\t\t<div class=\"elementor-column elementor-col-50 elementor-top-column elementor-element elementor-element-0095c38\" data-id=\"0095c38\" data-element_type=\"column\" data-e-type=\"column\" data-settings=\"{&quot;background_background&quot;:&quot;classic&quot;}\">\n\t\t\t<div class=\"elementor-widget-wrap elementor-element-populated\">\n\t\t\t\t\t\t<div class=\"elementor-element elementor-element-f57e207 elementor-widget elementor-widget-text-editor\" data-id=\"f57e207\" data-element_type=\"widget\" data-e-type=\"widget\" data-widget_type=\"text-editor.default\">\n\t\t\t\t<div class=\"elementor-widget-container\">\n\t\t\t\t\t\t\t\t\t<div class=\"content-title\"><div class=\"content-title\"><strong>Verifikacija i simulacija G-koda visoke vjernosti<\/strong><\/div><\/div>\t\t\t\t\t\t\t\t<\/div>\n\t\t\t\t<\/div>\n\t\t\t\t<div class=\"elementor-element elementor-element-5ccb295 elementor-widget elementor-widget-image\" data-id=\"5ccb295\" data-element_type=\"widget\" data-e-type=\"widget\" data-widget_type=\"image.default\">\n\t\t\t\t<div class=\"elementor-widget-container\">\n\t\t\t\t\t\t\t\t\t\t\t\t\t\t\t<img loading=\"lazy\" decoding=\"async\" width=\"800\" height=\"450\" src=\"https:\/\/eureka.ib-caddy.com\/\/wp-content\/uploads\/eureka\/\/2024\/06\/High-fidelity-G-Code-verification-and-simulation.jpg\" class=\"attachment-large size-large wp-image-492\" alt=\"\" srcset=\"https:\/\/eureka.ib-caddy.com\/\/wp-content\/uploads\/eureka\/2024\/06\/High-fidelity-G-Code-verification-and-simulation.jpg 900w, https:\/\/eureka.ib-caddy.com\/\/wp-content\/uploads\/eureka\/2024\/06\/High-fidelity-G-Code-verification-and-simulation-300x169.jpg 300w, https:\/\/eureka.ib-caddy.com\/\/wp-content\/uploads\/eureka\/2024\/06\/High-fidelity-G-Code-verification-and-simulation-768x432.jpg 768w, https:\/\/eureka.ib-caddy.com\/\/wp-content\/uploads\/eureka\/2024\/06\/High-fidelity-G-Code-verification-and-simulation-18x10.jpg 18w\" sizes=\"(max-width: 800px) 100vw, 800px\" \/>\t\t\t\t\t\t\t\t\t\t\t\t\t\t\t<\/div>\n\t\t\t\t<\/div>\n\t\t\t\t<div class=\"elementor-element elementor-element-29dbb61 elementor-widget elementor-widget-spacer\" data-id=\"29dbb61\" data-element_type=\"widget\" data-e-type=\"widget\" data-widget_type=\"spacer.default\">\n\t\t\t\t<div class=\"elementor-widget-container\">\n\t\t\t\t\t\t\t<div class=\"elementor-spacer\">\n\t\t\t<div class=\"elementor-spacer-inner\"><\/div>\n\t\t<\/div>\n\t\t\t\t\t\t<\/div>\n\t\t\t\t<\/div>\n\t\t\t\t<div class=\"elementor-element elementor-element-197d83c elementor-widget elementor-widget-text-editor\" data-id=\"197d83c\" data-element_type=\"widget\" data-e-type=\"widget\" data-widget_type=\"text-editor.default\">\n\t\t\t\t<div class=\"elementor-widget-container\">\n\t\t\t\t\t\t\t\t\t<div class=\"kc-elm kc-css-239334 kc_col-sm-5 kc_column_inner kc_col-sm-5\"><div class=\"kc_wrapper kc-col-inner-container\"><div class=\"kc-elm kc-css-868371 kc-feature-boxes kc-fb-layout-1\"><div class=\"content-desc\">Eureka G-Code provjerava rezultate obrade digitalnim blizancem koji uklju\u010duje Va\u0161 alat i Va\u0161e ure\u0111aje<\/div><\/div><\/div><\/div>\t\t\t\t\t\t\t\t<\/div>\n\t\t\t\t<\/div>\n\t\t\t\t\t<\/div>\n\t\t<\/div>\n\t\t\t\t\t<\/div>\n\t\t<\/section>\n\t\t\t\t<section class=\"elementor-section elementor-top-section elementor-element elementor-element-3719bcb elementor-section-boxed elementor-section-height-default elementor-section-height-default\" data-id=\"3719bcb\" data-element_type=\"section\" data-e-type=\"section\" data-settings=\"{&quot;background_background&quot;:&quot;classic&quot;,&quot;_ha_eqh_enable&quot;:&quot;yes&quot;,&quot;_ha_eqh_widget&quot;:[&quot;image&quot;],&quot;_ha_eqh_to&quot;:&quot;widget&quot;,&quot;_ha_eqh_disable_on_tablet&quot;:&quot;no&quot;,&quot;_ha_eqh_disable_on_mobile&quot;:&quot;yes&quot;}\">\n\t\t\t\t\t\t<div class=\"elementor-container elementor-column-gap-wide\">\n\t\t\t\t\t<div class=\"elementor-column elementor-col-50 elementor-top-column elementor-element elementor-element-0ebaf8e\" data-id=\"0ebaf8e\" data-element_type=\"column\" data-e-type=\"column\" data-settings=\"{&quot;background_background&quot;:&quot;classic&quot;}\">\n\t\t\t<div class=\"elementor-widget-wrap elementor-element-populated\">\n\t\t\t\t\t\t<div class=\"elementor-element elementor-element-b284fcf elementor-widget elementor-widget-text-editor\" data-id=\"b284fcf\" data-element_type=\"widget\" data-e-type=\"widget\" data-widget_type=\"text-editor.default\">\n\t\t\t\t<div class=\"elementor-widget-container\">\n\t\t\t\t\t\t\t\t\t<div class=\"content-title\"><div class=\"content-title\"><strong>Interni postprocesor<\/strong><\/div><\/div>\t\t\t\t\t\t\t\t<\/div>\n\t\t\t\t<\/div>\n\t\t\t\t<div class=\"elementor-element elementor-element-28c44d2 elementor-widget elementor-widget-image\" data-id=\"28c44d2\" data-element_type=\"widget\" data-e-type=\"widget\" data-widget_type=\"image.default\">\n\t\t\t\t<div class=\"elementor-widget-container\">\n\t\t\t\t\t\t\t\t\t\t\t\t\t\t\t<img loading=\"lazy\" decoding=\"async\" width=\"800\" height=\"357\" src=\"https:\/\/eureka.ib-caddy.com\/\/wp-content\/uploads\/eureka\/\/2024\/06\/Internal-post-processor-1024x457.webp\" class=\"attachment-large size-large wp-image-491\" alt=\"\" srcset=\"https:\/\/eureka.ib-caddy.com\/\/wp-content\/uploads\/eureka\/2024\/06\/Internal-post-processor-1024x457.webp 1024w, https:\/\/eureka.ib-caddy.com\/\/wp-content\/uploads\/eureka\/2024\/06\/Internal-post-processor-300x134.webp 300w, https:\/\/eureka.ib-caddy.com\/\/wp-content\/uploads\/eureka\/2024\/06\/Internal-post-processor-768x342.webp 768w, https:\/\/eureka.ib-caddy.com\/\/wp-content\/uploads\/eureka\/2024\/06\/Internal-post-processor-1536x685.webp 1536w, https:\/\/eureka.ib-caddy.com\/\/wp-content\/uploads\/eureka\/2024\/06\/Internal-post-processor-18x8.webp 18w, https:\/\/eureka.ib-caddy.com\/\/wp-content\/uploads\/eureka\/2024\/06\/Internal-post-processor.webp 1920w\" sizes=\"(max-width: 800px) 100vw, 800px\" \/>\t\t\t\t\t\t\t\t\t\t\t\t\t\t\t<\/div>\n\t\t\t\t<\/div>\n\t\t\t\t<div class=\"elementor-element elementor-element-95ed281 elementor-widget elementor-widget-spacer\" data-id=\"95ed281\" data-element_type=\"widget\" data-e-type=\"widget\" data-widget_type=\"spacer.default\">\n\t\t\t\t<div class=\"elementor-widget-container\">\n\t\t\t\t\t\t\t<div class=\"elementor-spacer\">\n\t\t\t<div class=\"elementor-spacer-inner\"><\/div>\n\t\t<\/div>\n\t\t\t\t\t\t<\/div>\n\t\t\t\t<\/div>\n\t\t\t\t<div class=\"elementor-element elementor-element-e3b5fcb elementor-widget elementor-widget-text-editor\" data-id=\"e3b5fcb\" data-element_type=\"widget\" data-e-type=\"widget\" data-widget_type=\"text-editor.default\">\n\t\t\t\t<div class=\"elementor-widget-container\">\n\t\t\t\t\t\t\t\t\t<div class=\"kc-elm kc-css-239334 kc_col-sm-5 kc_column_inner kc_col-sm-5\"><div class=\"kc_wrapper kc-col-inner-container\"><div class=\"kc-elm kc-css-868371 kc-feature-boxes kc-fb-layout-1\"><div class=\"content-desc\">NC Coder dolazi s vlastitim postprocesorom koji mu omogu\u0107uje u\u010dinkovito stvaranje NC programa \u010dak i za najslo\u017eenije strojeve<\/div><\/div><\/div><\/div>\t\t\t\t\t\t\t\t<\/div>\n\t\t\t\t<\/div>\n\t\t\t\t\t<\/div>\n\t\t<\/div>\n\t\t\t\t<div class=\"elementor-column elementor-col-50 elementor-top-column elementor-element elementor-element-865593b\" data-id=\"865593b\" data-element_type=\"column\" data-e-type=\"column\" data-settings=\"{&quot;background_background&quot;:&quot;classic&quot;}\">\n\t\t\t<div class=\"elementor-widget-wrap elementor-element-populated\">\n\t\t\t\t\t\t<div class=\"elementor-element elementor-element-69a533b elementor-widget elementor-widget-text-editor\" data-id=\"69a533b\" data-element_type=\"widget\" data-e-type=\"widget\" data-widget_type=\"text-editor.default\">\n\t\t\t\t<div class=\"elementor-widget-container\">\n\t\t\t\t\t\t\t\t\t<div class=\"content-title\"><strong>Su\u010delja<\/strong><\/div>\t\t\t\t\t\t\t\t<\/div>\n\t\t\t\t<\/div>\n\t\t\t\t<div class=\"elementor-element elementor-element-84dc76d elementor-widget elementor-widget-image\" data-id=\"84dc76d\" data-element_type=\"widget\" data-e-type=\"widget\" data-widget_type=\"image.default\">\n\t\t\t\t<div class=\"elementor-widget-container\">\n\t\t\t\t\t\t\t\t\t\t\t\t\t\t\t<img loading=\"lazy\" decoding=\"async\" width=\"800\" height=\"367\" src=\"https:\/\/eureka.ib-caddy.com\/\/wp-content\/uploads\/eureka\/\/2024\/06\/popular-CAMs.png\" class=\"attachment-large size-large wp-image-493\" alt=\"\" srcset=\"https:\/\/eureka.ib-caddy.com\/\/wp-content\/uploads\/eureka\/2024\/06\/popular-CAMs.png 900w, https:\/\/eureka.ib-caddy.com\/\/wp-content\/uploads\/eureka\/2024\/06\/popular-CAMs-300x138.png 300w, https:\/\/eureka.ib-caddy.com\/\/wp-content\/uploads\/eureka\/2024\/06\/popular-CAMs-768x352.png 768w, https:\/\/eureka.ib-caddy.com\/\/wp-content\/uploads\/eureka\/2024\/06\/popular-CAMs-18x8.png 18w\" sizes=\"(max-width: 800px) 100vw, 800px\" \/>\t\t\t\t\t\t\t\t\t\t\t\t\t\t\t<\/div>\n\t\t\t\t<\/div>\n\t\t\t\t<div class=\"elementor-element elementor-element-beb1a6a elementor-widget elementor-widget-spacer\" data-id=\"beb1a6a\" data-element_type=\"widget\" data-e-type=\"widget\" data-widget_type=\"spacer.default\">\n\t\t\t\t<div class=\"elementor-widget-container\">\n\t\t\t\t\t\t\t<div class=\"elementor-spacer\">\n\t\t\t<div class=\"elementor-spacer-inner\"><\/div>\n\t\t<\/div>\n\t\t\t\t\t\t<\/div>\n\t\t\t\t<\/div>\n\t\t\t\t<div class=\"elementor-element elementor-element-c6ab17f elementor-widget elementor-widget-text-editor\" data-id=\"c6ab17f\" data-element_type=\"widget\" data-e-type=\"widget\" data-widget_type=\"text-editor.default\">\n\t\t\t\t<div class=\"elementor-widget-container\">\n\t\t\t\t\t\t\t\t\t<p>Neovisno rje\u0161enje kompatibilno s najpopularnijim CAM programima<\/p>\t\t\t\t\t\t\t\t<\/div>\n\t\t\t\t<\/div>\n\t\t\t\t\t<\/div>\n\t\t<\/div>\n\t\t\t\t\t<\/div>\n\t\t<\/section>\n\t\t\t\t<\/div>","protected":false},"excerpt":{"rendered":"<p>Eureka NC Coder THE ALL-IN-ONE REVOLUTIONARY SOLUTION Use your Single Channel CAM to Program &amp; Simulate Multi-channel Millturn &amp; SWISS CNC Machine Eureka NC Coder\u00a0is a revolutionary,\u00a0all-in-one solution\u00a0for programming and simulating\u00a0Swiss type machines and multi-channel mill-turn machines\u00a0using all the popular CAM systems in the market. The CAM itself creates the toolpath for each machining operations\u00a0and [&hellip;]<\/p>","protected":false},"author":3,"featured_media":0,"parent":0,"menu_order":0,"comment_status":"closed","ping_status":"closed","template":"","meta":{"footnotes":""},"class_list":["post-486","page","type-page","status-publish","hentry"],"_links":{"self":[{"href":"https:\/\/eureka.ib-caddy.com\/hr\/wp-json\/wp\/v2\/pages\/486","targetHints":{"allow":["GET"]}}],"collection":[{"href":"https:\/\/eureka.ib-caddy.com\/hr\/wp-json\/wp\/v2\/pages"}],"about":[{"href":"https:\/\/eureka.ib-caddy.com\/hr\/wp-json\/wp\/v2\/types\/page"}],"author":[{"embeddable":true,"href":"https:\/\/eureka.ib-caddy.com\/hr\/wp-json\/wp\/v2\/users\/3"}],"replies":[{"embeddable":true,"href":"https:\/\/eureka.ib-caddy.com\/hr\/wp-json\/wp\/v2\/comments?post=486"}],"version-history":[{"count":7,"href":"https:\/\/eureka.ib-caddy.com\/hr\/wp-json\/wp\/v2\/pages\/486\/revisions"}],"predecessor-version":[{"id":500,"href":"https:\/\/eureka.ib-caddy.com\/hr\/wp-json\/wp\/v2\/pages\/486\/revisions\/500"}],"wp:attachment":[{"href":"https:\/\/eureka.ib-caddy.com\/hr\/wp-json\/wp\/v2\/media?parent=486"}],"curies":[{"name":"wp","href":"https:\/\/api.w.org\/{rel}","templated":true}]}}