{"id":38,"date":"2021-06-30T09:12:46","date_gmt":"2021-06-30T09:12:46","guid":{"rendered":"https:\/\/www.ib-caddy.com\/ibwp-eureka-dev\/?page_id=38"},"modified":"2021-07-06T09:17:10","modified_gmt":"2021-07-06T09:17:10","slug":"eureka-chronos","status":"publish","type":"page","link":"https:\/\/eureka.ib-caddy.com\/sl\/eureka-chronos\/","title":{"rendered":"EUREKA CHRONOS"},"content":{"rendered":"<div data-elementor-type=\"wp-page\" data-elementor-id=\"38\" class=\"elementor elementor-38\" data-elementor-settings=\"{&quot;ha_cmc_init_switcher&quot;:&quot;no&quot;}\" data-elementor-post-type=\"page\">\n\t\t\t\t\t\t<section class=\"elementor-section elementor-top-section elementor-element elementor-element-19d43da9 elementor-section-boxed elementor-section-height-default elementor-section-height-default\" data-id=\"19d43da9\" data-element_type=\"section\" data-e-type=\"section\" data-settings=\"{&quot;background_background&quot;:&quot;classic&quot;,&quot;_ha_eqh_enable&quot;:false}\">\n\t\t\t\t\t\t\t<div class=\"elementor-background-overlay\"><\/div>\n\t\t\t\t\t\t\t<div class=\"elementor-container elementor-column-gap-wider\">\n\t\t\t\t\t<div class=\"elementor-column elementor-col-50 elementor-top-column elementor-element elementor-element-7954c561\" data-id=\"7954c561\" data-element_type=\"column\" data-e-type=\"column\">\n\t\t\t<div class=\"elementor-widget-wrap elementor-element-populated\">\n\t\t\t\t\t\t<div class=\"elementor-element elementor-element-6f636bed elementor-widget elementor-widget-spacer\" data-id=\"6f636bed\" data-element_type=\"widget\" data-e-type=\"widget\" data-widget_type=\"spacer.default\">\n\t\t\t\t<div class=\"elementor-widget-container\">\n\t\t\t\t\t\t\t<div class=\"elementor-spacer\">\n\t\t\t<div class=\"elementor-spacer-inner\"><\/div>\n\t\t<\/div>\n\t\t\t\t\t\t<\/div>\n\t\t\t\t<\/div>\n\t\t\t\t<div class=\"elementor-element elementor-element-67d792b7 elementor-widget elementor-widget-heading\" data-id=\"67d792b7\" data-element_type=\"widget\" data-e-type=\"widget\" data-widget_type=\"heading.default\">\n\t\t\t\t<div class=\"elementor-widget-container\">\n\t\t\t\t\t<h1 class=\"elementor-heading-title elementor-size-default\">Eureka Chronos<\/h1>\t\t\t\t<\/div>\n\t\t\t\t<\/div>\n\t\t\t\t<div class=\"elementor-element elementor-element-66acaa79 elementor-widget elementor-widget-text-editor\" data-id=\"66acaa79\" data-element_type=\"widget\" data-e-type=\"widget\" data-widget_type=\"text-editor.default\">\n\t\t\t\t<div class=\"elementor-widget-container\">\n\t\t\t\t\t\t\t\t\t<p>A.I. Optimizacija pomikov<\/p>\t\t\t\t\t\t\t\t<\/div>\n\t\t\t\t<\/div>\n\t\t\t\t<div class=\"elementor-element elementor-element-5f2fe6fe elementor-widget elementor-widget-spacer\" data-id=\"5f2fe6fe\" data-element_type=\"widget\" data-e-type=\"widget\" data-widget_type=\"spacer.default\">\n\t\t\t\t<div class=\"elementor-widget-container\">\n\t\t\t\t\t\t\t<div class=\"elementor-spacer\">\n\t\t\t<div class=\"elementor-spacer-inner\"><\/div>\n\t\t<\/div>\n\t\t\t\t\t\t<\/div>\n\t\t\t\t<\/div>\n\t\t\t\t\t<\/div>\n\t\t<\/div>\n\t\t\t\t<div class=\"elementor-column elementor-col-50 elementor-top-column elementor-element elementor-element-130c4f54\" data-id=\"130c4f54\" data-element_type=\"column\" data-e-type=\"column\">\n\t\t\t<div class=\"elementor-widget-wrap elementor-element-populated\">\n\t\t\t\t\t\t<div class=\"elementor-element elementor-element-1dba70e3 elementor-widget elementor-widget-video\" data-id=\"1dba70e3\" data-element_type=\"widget\" data-e-type=\"widget\" data-settings=\"{&quot;youtube_url&quot;:&quot;https:\\\/\\\/youtu.be\\\/DJi5rZ4fLyE&quot;,&quot;video_type&quot;:&quot;youtube&quot;}\" data-widget_type=\"video.default\">\n\t\t\t\t<div class=\"elementor-widget-container\">\n\t\t\t\t\t\t\t<div class=\"elementor-wrapper elementor-open-inline\">\n\t\t\t<div class=\"elementor-video\"><\/div>\t\t<\/div>\n\t\t\t\t\t\t<\/div>\n\t\t\t\t<\/div>\n\t\t\t\t\t<\/div>\n\t\t<\/div>\n\t\t\t\t\t<\/div>\n\t\t<\/section>\n\t\t\t\t<section class=\"elementor-section elementor-top-section elementor-element elementor-element-1b2c5969 elementor-section-boxed elementor-section-height-default elementor-section-height-default\" data-id=\"1b2c5969\" data-element_type=\"section\" data-e-type=\"section\" data-settings=\"{&quot;_ha_eqh_enable&quot;:false}\">\n\t\t\t\t\t\t<div class=\"elementor-container elementor-column-gap-wide\">\n\t\t\t\t\t<div class=\"elementor-column elementor-col-50 elementor-top-column elementor-element elementor-element-3288cd5d\" data-id=\"3288cd5d\" data-element_type=\"column\" data-e-type=\"column\" data-settings=\"{&quot;background_background&quot;:&quot;classic&quot;}\">\n\t\t\t<div class=\"elementor-widget-wrap elementor-element-populated\">\n\t\t\t\t\t\t<div class=\"elementor-element elementor-element-57de824f elementor-widget elementor-widget-spacer\" data-id=\"57de824f\" data-element_type=\"widget\" data-e-type=\"widget\" data-widget_type=\"spacer.default\">\n\t\t\t\t<div class=\"elementor-widget-container\">\n\t\t\t\t\t\t\t<div class=\"elementor-spacer\">\n\t\t\t<div class=\"elementor-spacer-inner\"><\/div>\n\t\t<\/div>\n\t\t\t\t\t\t<\/div>\n\t\t\t\t<\/div>\n\t\t\t\t<div class=\"elementor-element elementor-element-213c0aef elementor-widget elementor-widget-text-editor\" data-id=\"213c0aef\" data-element_type=\"widget\" data-e-type=\"widget\" data-widget_type=\"text-editor.default\">\n\t\t\t\t<div class=\"elementor-widget-container\">\n\t\t\t\t\t\t\t\t\t<h2><strong>Kaj je Eureka Chronos?<\/strong><\/h2>\t\t\t\t\t\t\t\t<\/div>\n\t\t\t\t<\/div>\n\t\t\t\t<div class=\"elementor-element elementor-element-21857236 elementor-widget elementor-widget-text-editor\" data-id=\"21857236\" data-element_type=\"widget\" data-e-type=\"widget\" data-widget_type=\"text-editor.default\">\n\t\t\t\t<div class=\"elementor-widget-container\">\n\t\t\t\t\t\t\t\t\t<div class=\"kc-elm kc-css-437614 translation-block\"><strong> Eureka Chronos je CNC programska oprema za optimizacijo podajanja<\/strong>, ki jo je razvil Roboris Srl. Chronos optimizira hitrost podajanja programov G-kode z uporabo A.I. algoritmov. Ti temeljijo na stalni uporabi orodja in odstranjevanju materiala, hkrati pa ohranja originalni CAM program. Eureka Chronos je zdru\u017eljiv z vsem priljubljenim programom, ki podpira CAM.<\/div>\t\t\t\t\t\t\t\t<\/div>\n\t\t\t\t<\/div>\n\t\t\t\t\t<\/div>\n\t\t<\/div>\n\t\t\t\t<div class=\"elementor-column elementor-col-50 elementor-top-column elementor-element elementor-element-5ba4aac1\" data-id=\"5ba4aac1\" data-element_type=\"column\" data-e-type=\"column\">\n\t\t\t<div class=\"elementor-widget-wrap elementor-element-populated\">\n\t\t\t\t\t\t<div class=\"elementor-element elementor-element-32807afc elementor-widget elementor-widget-spacer\" data-id=\"32807afc\" data-element_type=\"widget\" data-e-type=\"widget\" data-widget_type=\"spacer.default\">\n\t\t\t\t<div class=\"elementor-widget-container\">\n\t\t\t\t\t\t\t<div class=\"elementor-spacer\">\n\t\t\t<div class=\"elementor-spacer-inner\"><\/div>\n\t\t<\/div>\n\t\t\t\t\t\t<\/div>\n\t\t\t\t<\/div>\n\t\t\t\t<div class=\"elementor-element elementor-element-762e6e43 elementor-widget elementor-widget-text-editor\" data-id=\"762e6e43\" data-element_type=\"widget\" data-e-type=\"widget\" data-widget_type=\"text-editor.default\">\n\t\t\t\t<div class=\"elementor-widget-container\">\n\t\t\t\t\t\t\t\t\t<h2><strong>Zakaj Eureka Chronos?<\/strong><\/h2>\t\t\t\t\t\t\t\t<\/div>\n\t\t\t\t<\/div>\n\t\t\t\t<div class=\"elementor-element elementor-element-6a7140d2 elementor-widget elementor-widget-text-editor\" data-id=\"6a7140d2\" data-element_type=\"widget\" data-e-type=\"widget\" data-widget_type=\"text-editor.default\">\n\t\t\t\t<div class=\"elementor-widget-container\">\n\t\t\t\t\t\t\t\t\t<p class=\"translation-block\">Z va\u0161im sistemom CAM ste izbrali orodja, hitrost vretena in hitrost podajanja ter ustvarili ISO program, ki deluje v stroju. <strong><br> Ali ste prepri\u010dani, da so hitrosti podajanja va\u0161ega programa CAM popolnoma optimizirane? <\/strong><\/p><p class=\"translation-block\">Eureka Chronos uporablja podatke, pridobljene iz simulacije NC programa, za modulacijo hitrosti podajanja in doseganje optimalnih pogojev rezanja po celotni poti orodja, zahvaljujo\u010d zanesljivemu in natan\u010dnemu izra\u010dunu rezalnih pogojev.<\/p><p class=\"translation-block\">Chronos prina\u0161a izjemne rezultate. Stroji delujejo bolj gladko z manj vibracijami in bolj konstantnim \u010drpanjem mo\u010di. \u017divljenjska doba orodja se podalj\u0161a do dvakrat ali ve\u010d, <strong>\u010das obdelave pa se lahko skraj\u0161a za 30%<\/strong>.<\/p><p class=\"translation-block\">Eureka Chronos ima zelo enostaven za uporabo in intuitiven uporabni\u0161ki vmesnik. Uporabniki lahko uporabijo tudi visoko avtomatizirano umetno inteligenco, ki nastavi optimalni umetni inteligenci algoritem, ki ga je patentiral Roboris<\/p>\t\t\t\t\t\t\t\t<\/div>\n\t\t\t\t<\/div>\n\t\t\t\t<div class=\"elementor-element elementor-element-6d29fda0 elementor-widget elementor-widget-spacer\" data-id=\"6d29fda0\" data-element_type=\"widget\" data-e-type=\"widget\" data-widget_type=\"spacer.default\">\n\t\t\t\t<div class=\"elementor-widget-container\">\n\t\t\t\t\t\t\t<div class=\"elementor-spacer\">\n\t\t\t<div class=\"elementor-spacer-inner\"><\/div>\n\t\t<\/div>\n\t\t\t\t\t\t<\/div>\n\t\t\t\t<\/div>\n\t\t\t\t\t<\/div>\n\t\t<\/div>\n\t\t\t\t\t<\/div>\n\t\t<\/section>\n\t\t\t\t<section class=\"elementor-section elementor-top-section elementor-element elementor-element-50c0cadc elementor-section-boxed elementor-section-height-default elementor-section-height-default\" data-id=\"50c0cadc\" data-element_type=\"section\" data-e-type=\"section\" data-settings=\"{&quot;_ha_eqh_enable&quot;:false}\">\n\t\t\t\t\t\t<div class=\"elementor-container elementor-column-gap-wide\">\n\t\t\t\t\t<div class=\"elementor-column elementor-col-50 elementor-top-column elementor-element elementor-element-42460ca2\" data-id=\"42460ca2\" data-element_type=\"column\" data-e-type=\"column\">\n\t\t\t<div class=\"elementor-widget-wrap elementor-element-populated\">\n\t\t\t\t\t\t<div class=\"elementor-element elementor-element-463cb2ba elementor-widget elementor-widget-text-editor\" data-id=\"463cb2ba\" data-element_type=\"widget\" data-e-type=\"widget\" data-widget_type=\"text-editor.default\">\n\t\t\t\t<div class=\"elementor-widget-container\">\n\t\t\t\t\t\t\t\t\t<h2><strong>Zna\u010dilnosti in prednosti<\/strong><\/h2>\t\t\t\t\t\t\t\t<\/div>\n\t\t\t\t<\/div>\n\t\t\t\t<div class=\"elementor-element elementor-element-7e7e386f elementor-widget elementor-widget-text-editor\" data-id=\"7e7e386f\" data-element_type=\"widget\" data-e-type=\"widget\" data-widget_type=\"text-editor.default\">\n\t\t\t\t<div class=\"elementor-widget-container\">\n\t\t\t\t\t\t\t\t\t<ul><li>Izbolj\u0161ana kakovost povr\u0161ine<\/li><li>Zmanj\u0161ana ro\u010dna naknadna obdelava<\/li><li>Dalj\u0161a \u017eivljenjska doba orodja<\/li><li>Popolna samodejna optimizacija<\/li><li>Algoritmi na podlagi umetne inteligence<\/li><li>Optimizirajte obstoje\u010de programe ISO<\/li><li>Zdru\u017eljiv z vsemi priljubljenimi CAM programskimi opremami<\/li><\/ul>\t\t\t\t\t\t\t\t<\/div>\n\t\t\t\t<\/div>\n\t\t\t\t\t<\/div>\n\t\t<\/div>\n\t\t\t\t<div class=\"elementor-column elementor-col-50 elementor-top-column elementor-element elementor-element-49485ca3\" data-id=\"49485ca3\" data-element_type=\"column\" data-e-type=\"column\" data-settings=\"{&quot;background_background&quot;:&quot;classic&quot;}\">\n\t\t\t<div class=\"elementor-widget-wrap elementor-element-populated\">\n\t\t\t\t\t\t<div class=\"elementor-element elementor-element-3c8ec129 elementor-widget elementor-widget-spacer\" data-id=\"3c8ec129\" data-element_type=\"widget\" data-e-type=\"widget\" data-widget_type=\"spacer.default\">\n\t\t\t\t<div class=\"elementor-widget-container\">\n\t\t\t\t\t\t\t<div class=\"elementor-spacer\">\n\t\t\t<div class=\"elementor-spacer-inner\"><\/div>\n\t\t<\/div>\n\t\t\t\t\t\t<\/div>\n\t\t\t\t<\/div>\n\t\t\t\t\t<\/div>\n\t\t<\/div>\n\t\t\t\t\t<\/div>\n\t\t<\/section>\n\t\t\t\t<section class=\"elementor-section elementor-top-section elementor-element elementor-element-5fb1acf6 elementor-section-boxed elementor-section-height-default elementor-section-height-default\" data-id=\"5fb1acf6\" data-element_type=\"section\" data-e-type=\"section\" data-settings=\"{&quot;_ha_eqh_enable&quot;:false}\">\n\t\t\t\t\t\t<div class=\"elementor-container elementor-column-gap-default\">\n\t\t\t\t\t<div class=\"elementor-column elementor-col-100 elementor-top-column elementor-element elementor-element-1c87ccb5\" data-id=\"1c87ccb5\" data-element_type=\"column\" data-e-type=\"column\">\n\t\t\t<div class=\"elementor-widget-wrap elementor-element-populated\">\n\t\t\t\t\t\t<div class=\"elementor-element elementor-element-28499c17 elementor-widget elementor-widget-spacer\" data-id=\"28499c17\" data-element_type=\"widget\" data-e-type=\"widget\" data-widget_type=\"spacer.default\">\n\t\t\t\t<div class=\"elementor-widget-container\">\n\t\t\t\t\t\t\t<div class=\"elementor-spacer\">\n\t\t\t<div class=\"elementor-spacer-inner\"><\/div>\n\t\t<\/div>\n\t\t\t\t\t\t<\/div>\n\t\t\t\t<\/div>\n\t\t\t\t\t<\/div>\n\t\t<\/div>\n\t\t\t\t\t<\/div>\n\t\t<\/section>\n\t\t\t\t<\/div>","protected":false},"excerpt":{"rendered":"<p>Eureka Chronos A.I. Feedrate Optimization What is Eureka Chronos? Eureka Chronos is a CNC feedrate optimization software\u00a0developed by Roboris Srl.\u00a0Chronos optimizes G-code program feedrates\u00a0using A.I. based algorithms to maintain constant\u00a0tool engagement and material removal, while\u00a0maintaining the original CAM programs\u00a0toolpath geometry.\u00a0Eureka Chronos is compatible with all popular CAM software. Why Eureka Chronos? With your CAM system [&hellip;]<\/p>","protected":false},"author":3,"featured_media":0,"parent":0,"menu_order":0,"comment_status":"closed","ping_status":"closed","template":"","meta":{"footnotes":""},"class_list":["post-38","page","type-page","status-publish","hentry"],"_links":{"self":[{"href":"https:\/\/eureka.ib-caddy.com\/sl\/wp-json\/wp\/v2\/pages\/38","targetHints":{"allow":["GET"]}}],"collection":[{"href":"https:\/\/eureka.ib-caddy.com\/sl\/wp-json\/wp\/v2\/pages"}],"about":[{"href":"https:\/\/eureka.ib-caddy.com\/sl\/wp-json\/wp\/v2\/types\/page"}],"author":[{"embeddable":true,"href":"https:\/\/eureka.ib-caddy.com\/sl\/wp-json\/wp\/v2\/users\/3"}],"replies":[{"embeddable":true,"href":"https:\/\/eureka.ib-caddy.com\/sl\/wp-json\/wp\/v2\/comments?post=38"}],"version-history":[{"count":9,"href":"https:\/\/eureka.ib-caddy.com\/sl\/wp-json\/wp\/v2\/pages\/38\/revisions"}],"predecessor-version":[{"id":354,"href":"https:\/\/eureka.ib-caddy.com\/sl\/wp-json\/wp\/v2\/pages\/38\/revisions\/354"}],"wp:attachment":[{"href":"https:\/\/eureka.ib-caddy.com\/sl\/wp-json\/wp\/v2\/media?parent=38"}],"curies":[{"name":"wp","href":"https:\/\/api.w.org\/{rel}","templated":true}]}}